{"id":12,"date":"2021-04-26T11:48:24","date_gmt":"2021-04-26T11:48:24","guid":{"rendered":"http:\/\/yoos.pl\/?page_id=12"},"modified":"2021-04-26T11:48:25","modified_gmt":"2021-04-26T11:48:25","slug":"parasol-ochrona-nie-tylko-przed-deszczem","status":"publish","type":"page","link":"http:\/\/yoos.pl\/","title":{"rendered":"Parasol &#8211; ochrona nie tylko przed deszczem"},"content":{"rendered":"\n<p>Przedmiot ten kojarzy nam si\u0119 g\u0142\u00f3wnie z deszczem, a je\u015bli \u0142\u0105czymy go ze s\u0142o\u0144cem, to pojawiaj\u0105 si\u0119 w naszych my\u015blach przewa\u017cnie obrazy z balkonem, ogrodem, pla\u017c\u0105\u2026 W pewnym sensie to nawet dziwne, bo sama nazwa <em>parasol <\/em>m\u00f3wi nam, \u017ce jego przeznaczenie to ochrona przed s\u0142o\u0144cem. Nie tylko w stacjonarnym sensie wspomnianym wy\u017cej, ale te\u017c przy przemieszczaniu si\u0119 w otwartym terenie. Je\u015bli ju\u017c nawet w jaki\u015b spos\u00f3b zostaniemy naprowadzeni na t\u0119 jego funkcj\u0119, to w naszej wyobra\u017ani pojawiaj\u0105 si\u0119 czasy dawno minione i wytworne panie w obszernych sukniach.<\/p>\n\n\n\n<figure class=\"wp-block-image size-large\"><img loading=\"lazy\" decoding=\"async\" width=\"1024\" height=\"682\" src=\"http:\/\/yoos.pl\/wp-content\/uploads\/2021\/04\/Parasol-mezczyzna-1024x682.jpg\" alt=\"M\u0119\u017cczyzna w golfie Modini z eleganckim parasolem\" class=\"wp-image-13\" srcset=\"http:\/\/yoos.pl\/wp-content\/uploads\/2021\/04\/Parasol-mezczyzna-1024x682.jpg 1024w, http:\/\/yoos.pl\/wp-content\/uploads\/2021\/04\/Parasol-mezczyzna-300x200.jpg 300w, http:\/\/yoos.pl\/wp-content\/uploads\/2021\/04\/Parasol-mezczyzna-768x511.jpg 768w, http:\/\/yoos.pl\/wp-content\/uploads\/2021\/04\/Parasol-mezczyzna.jpg 1200w\" sizes=\"auto, (max-width: 1024px) 100vw, 1024px\" \/><figcaption>M\u0119\u017cczyzna w golfie <a href=\"https:\/\/modini.pl\/\">Modini<\/a> z eleganckim parasolem <\/figcaption><\/figure>\n\n\n\n<p>Dzisiaj rzeczywi\u015bcie, nawet podczas najwi\u0119kszych upa\u0142\u00f3w, trudno dostrzec kszta\u0142t parasola nad g\u0142owami spaceruj\u0105cych. A czy od tamtych dawnych czas\u00f3w co\u015b si\u0119 zmieni\u0142o w tej sprawie? Owszem, ale raczej w odwrotn\u0105 stron\u0119, bo upa\u0142y s\u0105 wi\u0119ksze ni\u017c wtedy. Powinni\u015bmy wi\u0119c widzie\u0107 wi\u0119cej parasoli w czasie s\u0142onecznych dni. Je\u015bli je widzimy, to g\u0142\u00f3wnie te doczepione do w\u00f3zk\u00f3w niemowl\u0105t, jednak dziecko, kt\u00f3re porusza si\u0119 samodzielnie, nadal jest nara\u017cone na szkodliwe dzia\u0142anie s\u0142o\u0144ca bardziej ni\u017c doros\u0142y. Chodzi nie tylko o wra\u017cliwo\u015b\u0107 sk\u00f3ry, ale te\u017c o to, \u017ce nie do ko\u0144ca wytworzony jest u niego mechanizm termoregulacji. Ci\u0105g\u0142e pieczenie si\u0119 w s\u0142o\u0144cu nie jest zreszt\u0105 zalecane dla nikogo. Parasol ochroni nas przed przegrzaniem i szkodliwo\u015bci\u0105 promieni s\u0142onecznych, a stopie\u0144 tej ochrony mo\u017cemy regulowa\u0107 sami. Materia\u0142 nad nasz\u0105 g\u0142ow\u0105 mo\u017ce blokowa\u0107 promieniowanie ca\u0142kowicie lub przepuszcza\u0107 jego cz\u0119\u015b\u0107.<\/p>\n\n\n\n<figure class=\"wp-block-image size-large\"><img loading=\"lazy\" decoding=\"async\" width=\"1024\" height=\"606\" src=\"http:\/\/yoos.pl\/wp-content\/uploads\/2021\/04\/adult-1867665_1280-1024x606.jpg\" alt=\"Parasol przeciwdeszczowy\" class=\"wp-image-14\" srcset=\"http:\/\/yoos.pl\/wp-content\/uploads\/2021\/04\/adult-1867665_1280-1024x606.jpg 1024w, http:\/\/yoos.pl\/wp-content\/uploads\/2021\/04\/adult-1867665_1280-300x178.jpg 300w, http:\/\/yoos.pl\/wp-content\/uploads\/2021\/04\/adult-1867665_1280-768x455.jpg 768w, http:\/\/yoos.pl\/wp-content\/uploads\/2021\/04\/adult-1867665_1280.jpg 1280w\" sizes=\"auto, (max-width: 1024px) 100vw, 1024px\" \/><figcaption>Parasol przeciwdeszczowy<\/figcaption><\/figure>\n\n\n\n<p>Trend spacerowania z parasolem przeciws\u0142onecznym b\u0119dzie widoczny zapewne coraz bardziej, ale nie ma co czeka\u0107 do czasu, a\u017c si\u0119 rozpowszechni. Kreujmy go sami, bo szkoda naszego zdrowia. Dlaczego ochrona na balkonie itp. tak, a tam, gdzie jeste\u015bmy nara\u017ceni najcz\u0119\u015bciej i najd\u0142u\u017cej nie? Je\u015bli mamy nie nosi\u0107 parasola podczas upa\u0142\u00f3w, to\u2026 tego typowego dla ochrony przed deszczem, czyli np. takiego w smutnych kolorach. Czarny, przeciwdeszczowy parasol mo\u017ce rzeczywi\u015bcie nie pasowa\u0107 do ca\u0142ej reszty. Po prostu \u201eu\u015bmiechnijmy\u201d si\u0119 nim do innych ludzi. Chocia\u017c odrobin\u0119, bo przecie\u017c nikt nie m\u00f3wi, \u017ce taki parasol musi by\u0107 maksymalnie pstrokaty.<\/p>\n\n\n\n<figure class=\"wp-block-image size-large\"><img loading=\"lazy\" decoding=\"async\" width=\"1024\" height=\"682\" src=\"http:\/\/yoos.pl\/wp-content\/uploads\/2021\/04\/Parasol-kobieta-1024x682.jpg\" alt=\"Kobieta z parasolem\" class=\"wp-image-15\" srcset=\"http:\/\/yoos.pl\/wp-content\/uploads\/2021\/04\/Parasol-kobieta-1024x682.jpg 1024w, http:\/\/yoos.pl\/wp-content\/uploads\/2021\/04\/Parasol-kobieta-300x200.jpg 300w, http:\/\/yoos.pl\/wp-content\/uploads\/2021\/04\/Parasol-kobieta-768x511.jpg 768w, http:\/\/yoos.pl\/wp-content\/uploads\/2021\/04\/Parasol-kobieta.jpg 1200w\" sizes=\"auto, (max-width: 1024px) 100vw, 1024px\" \/><figcaption>Kobieta z parasolem<\/figcaption><\/figure>\n\n\n\n<h2 class=\"wp-block-heading\"><strong>Jak dba\u0107 o parasol deszczowy<\/strong><\/h2>\n\n\n\n<p>Stanowi nie tylko spos\u00f3b na ochron\u0119 przed deszczem czy s\u0142o\u0144cem, ale nierzadko tak\u017ce stylowe uzupe\u0142nienie stroju. Wynaleziony zosta\u0142 ju\u017c ponad cztery tysi\u0105ce lat temu, w staro\u017cytnym Egipcie, a u\u017cywany jest do dzisiaj i cho\u0107 zmieni\u0142a si\u0119 forma, to przecie\u017c nie diametralnie. Parasol, bo przecie\u017c o nim mowa w pewnych sytuacjach jest po prostu niezast\u0105piony. Dobrze jest zatem nauczy\u0107 si\u0119 dba\u0107 o to urz\u0105dzenie, by s\u0142u\u017cy\u0142o przez d\u0142ugie lata.<br>Podstaw\u0105 dbania o parasol jest ka\u017cdorazowe dopilnowanie jego ca\u0142kowitego wyschni\u0119cia przed z\u0142o\u017ceniem. Parasol jest mo\u017ce wodoodporny, ale je\u015bli schowamy go, gdy jest wilgotny, mo\u017ce zwyczajnie zaple\u015bnie\u0107. Suszenie parasola pozwoli unikn\u0105\u0107 przykrego zapachu, zatem koniecznie nale\u017cy zostawi\u0107 go do przeschni\u0119cia w przewiewnym miejscu i dopiero po tym zabiegu od\u0142o\u017cy\u0107 na miejsce.<br>Mimo, \u017ce parasol deszczowy w u\u017cyciu ma kontakt z wod\u0105, nadal nale\u017cy dba\u0107 o jego czysto\u015b\u0107 poprzez mycie. Deszcz\u00f3wka nie jest tak czysta, jak mog\u0142oby si\u0119 to wydawa\u0107. Parasol czy\u015bcimy mi\u0119kk\u0105 szmatk\u0105 i ciep\u0142\u0105 wod\u0105. <\/p>\n\n\n\n<figure class=\"wp-block-image size-large is-resized\"><img loading=\"lazy\" decoding=\"async\" src=\"http:\/\/yoos.pl\/wp-content\/uploads\/2021\/04\/parasol-rekawiczki-01-1024x682.jpg\" alt=\"Sk\u0142adanie parasola\" class=\"wp-image-16\" width=\"610\" height=\"406\" srcset=\"http:\/\/yoos.pl\/wp-content\/uploads\/2021\/04\/parasol-rekawiczki-01-1024x682.jpg 1024w, http:\/\/yoos.pl\/wp-content\/uploads\/2021\/04\/parasol-rekawiczki-01-300x200.jpg 300w, http:\/\/yoos.pl\/wp-content\/uploads\/2021\/04\/parasol-rekawiczki-01-768x511.jpg 768w, http:\/\/yoos.pl\/wp-content\/uploads\/2021\/04\/parasol-rekawiczki-01.jpg 1200w\" sizes=\"auto, (max-width: 610px) 100vw, 610px\" \/><figcaption>Sk\u0142adanie parasola<\/figcaption><\/figure>\n\n\n\n<p>Nie u\u017cywamy \u017cadnych \u015brodk\u00f3w chemicznych, jako \u017ce mog\u0142yby zniszczy\u0107 warstw\u0119 nieprzemakaln\u0105 tkaniny. Oczywi\u015bcie po wszystkim parasol suszymy w normalny spos\u00f3b.<br>Wa\u017cne jest, by nie doprowadza\u0107 do wyginania pr\u0119t\u00f3w i naruszania struktury parasola. To jednak delikatne urz\u0105dzenie i nale\u017cy obchodzi\u0107 si\u0119 z nim umiej\u0119tnie. Je\u015bli wi\u0119c sk\u0142adasz go, nie r\u00f3b tego na si\u0142\u0119 i dopilnuj, by wszystkie jego cz\u0119\u015bci trafi\u0142y na w\u0142a\u015bciwe miejsca, a czasza \u0142ama\u0142a si\u0119 na miejscach z\u0142o\u017ce\u0144. W ten spos\u00f3b parasol b\u0119dzie lepiej dzia\u0142a\u0142, szybciej si\u0119 rozk\u0142ada\u0142, czasza nie b\u0119dzie pognieciona a druty powyginane czy po\u0142amane. W bardzo wietrzne dni zostaw parasol w domu. I tak go nie wykorzystasz, a \u0142atwo mo\u017cesz doprowadzi\u0107 do jego zniszczenia. Parasol s\u0142u\u017cy do ochrony przed deszczem, a w wietrzn\u0105 pogod\u0119 uchroni\u0107 si\u0119 przed nim nie spos\u00f3b.<br>Na koniec rzecz, o kt\u00f3rej cz\u0119\u015b\u0107 os\u00f3b zapomina, albo po prostu nie wie. Parasol s\u0142oneczny i deszczowy to nie jest to samo i u\u017cywaj\u0105c niew\u0142a\u015bciwego mo\u017cna go \u0142atwo uszkodzi\u0107. Wystawianie parasola deszczowego na jasne s\u0142o\u0144ce mo\u017ce spowodowa\u0107 bezpowrotn\u0105 utrat\u0119 jego w\u0142a\u015bciwo\u015bci nieprzemakalnych, czyli po prostu go zniszczy\u0107.<\/p>\n","protected":false},"excerpt":{"rendered":"<p>Przedmiot ten kojarzy nam si\u0119 g\u0142\u00f3wnie z deszczem, a je\u015bli \u0142\u0105czymy go ze s\u0142o\u0144cem, to pojawiaj\u0105 si\u0119 w naszych my\u015blach przewa\u017cnie obrazy z balkonem, ogrodem, pla\u017c\u0105\u2026 W pewnym sensie to nawet dziwne, bo sama nazwa parasol m\u00f3wi nam, \u017ce jego przeznaczenie to ochrona przed s\u0142o\u0144cem. Nie tylko w stacjonarnym sensie wspomnianym wy\u017cej, ale te\u017c przy [&hellip;]<\/p>\n","protected":false},"author":1,"featured_media":15,"parent":0,"menu_order":0,"comment_status":"closed","ping_status":"closed","template":"","meta":{"footnotes":""},"class_list":["post-12","page","type-page","status-publish","has-post-thumbnail","hentry"],"yoast_head":"<!-- This site is optimized with the Yoast SEO plugin v24.4 - https:\/\/yoast.com\/wordpress\/plugins\/seo\/ -->\n<title>Parasol - ochrona nie tylko przed deszczem - Parasole i moda<\/title>\n<meta name=\"description\" content=\"Parasol - ochrona przed s\u0142o\u0144cem i deszczem. Zapoznaj si\u0119 z naszym wpisem odno\u015bnie parasoli ju\u017c teraz!\" \/>\n<meta name=\"robots\" content=\"index, follow, max-snippet:-1, max-image-preview:large, max-video-preview:-1\" \/>\n<link rel=\"canonical\" href=\"https:\/\/yoos.pl\/\" \/>\n<meta property=\"og:locale\" content=\"pl_PL\" \/>\n<meta property=\"og:type\" content=\"article\" \/>\n<meta property=\"og:title\" content=\"Parasol - ochrona nie tylko przed deszczem - Parasole i moda\" \/>\n<meta property=\"og:description\" content=\"Parasol - ochrona przed s\u0142o\u0144cem i deszczem. Zapoznaj si\u0119 z naszym wpisem odno\u015bnie parasoli ju\u017c teraz!\" \/>\n<meta property=\"og:url\" content=\"https:\/\/yoos.pl\/\" \/>\n<meta property=\"og:site_name\" content=\"Parasole i moda\" \/>\n<meta property=\"article:modified_time\" content=\"2021-04-26T11:48:25+00:00\" \/>\n<meta property=\"og:image\" content=\"https:\/\/yoos.pl\/wp-content\/uploads\/2021\/04\/Parasol-kobieta.jpg\" \/>\n\t<meta property=\"og:image:width\" content=\"1200\" \/>\n\t<meta property=\"og:image:height\" content=\"799\" \/>\n\t<meta property=\"og:image:type\" content=\"image\/jpeg\" \/>\n<meta name=\"twitter:card\" content=\"summary_large_image\" \/>\n<meta name=\"twitter:label1\" content=\"Szacowany czas czytania\" \/>\n\t<meta name=\"twitter:data1\" content=\"4 minuty\" \/>\n<script type=\"application\/ld+json\" class=\"yoast-schema-graph\">{\"@context\":\"https:\/\/schema.org\",\"@graph\":[{\"@type\":\"WebPage\",\"@id\":\"https:\/\/yoos.pl\/\",\"url\":\"https:\/\/yoos.pl\/\",\"name\":\"Parasol - ochrona nie tylko przed deszczem - Parasole i moda\",\"isPartOf\":{\"@id\":\"https:\/\/yoos.pl\/#website\"},\"primaryImageOfPage\":{\"@id\":\"https:\/\/yoos.pl\/#primaryimage\"},\"image\":{\"@id\":\"https:\/\/yoos.pl\/#primaryimage\"},\"thumbnailUrl\":\"http:\/\/yoos.pl\/wp-content\/uploads\/2021\/04\/Parasol-kobieta.jpg\",\"datePublished\":\"2021-04-26T11:48:24+00:00\",\"dateModified\":\"2021-04-26T11:48:25+00:00\",\"description\":\"Parasol - ochrona przed s\u0142o\u0144cem i deszczem. Zapoznaj si\u0119 z naszym wpisem odno\u015bnie parasoli ju\u017c teraz!\",\"breadcrumb\":{\"@id\":\"https:\/\/yoos.pl\/#breadcrumb\"},\"inLanguage\":\"pl-PL\",\"potentialAction\":[{\"@type\":\"ReadAction\",\"target\":[\"https:\/\/yoos.pl\/\"]}]},{\"@type\":\"ImageObject\",\"inLanguage\":\"pl-PL\",\"@id\":\"https:\/\/yoos.pl\/#primaryimage\",\"url\":\"http:\/\/yoos.pl\/wp-content\/uploads\/2021\/04\/Parasol-kobieta.jpg\",\"contentUrl\":\"http:\/\/yoos.pl\/wp-content\/uploads\/2021\/04\/Parasol-kobieta.jpg\",\"width\":1200,\"height\":799},{\"@type\":\"BreadcrumbList\",\"@id\":\"https:\/\/yoos.pl\/#breadcrumb\",\"itemListElement\":[{\"@type\":\"ListItem\",\"position\":1,\"name\":\"Strona g\u0142\u00f3wna\",\"item\":\"https:\/\/yoos.pl\/\"},{\"@type\":\"ListItem\",\"position\":2,\"name\":\"Parasol &#8211; ochrona nie tylko przed deszczem\"}]},{\"@type\":\"WebSite\",\"@id\":\"https:\/\/yoos.pl\/#website\",\"url\":\"https:\/\/yoos.pl\/\",\"name\":\"Parasole i moda\",\"description\":\"\",\"publisher\":{\"@id\":\"https:\/\/yoos.pl\/#organization\"},\"potentialAction\":[{\"@type\":\"SearchAction\",\"target\":{\"@type\":\"EntryPoint\",\"urlTemplate\":\"https:\/\/yoos.pl\/?s={search_term_string}\"},\"query-input\":{\"@type\":\"PropertyValueSpecification\",\"valueRequired\":true,\"valueName\":\"search_term_string\"}}],\"inLanguage\":\"pl-PL\"},{\"@type\":\"Organization\",\"@id\":\"https:\/\/yoos.pl\/#organization\",\"name\":\"Yoos\",\"url\":\"https:\/\/yoos.pl\/\",\"logo\":{\"@type\":\"ImageObject\",\"inLanguage\":\"pl-PL\",\"@id\":\"https:\/\/yoos.pl\/#\/schema\/logo\/image\/\",\"url\":\"https:\/\/yoos.pl\/wp-content\/uploads\/2021\/04\/Yoos2.png\",\"contentUrl\":\"https:\/\/yoos.pl\/wp-content\/uploads\/2021\/04\/Yoos2.png\",\"width\":810,\"height\":310,\"caption\":\"Yoos\"},\"image\":{\"@id\":\"https:\/\/yoos.pl\/#\/schema\/logo\/image\/\"}}]}<\/script>\n<!-- \/ Yoast SEO plugin. -->","yoast_head_json":{"title":"Parasol - ochrona nie tylko przed deszczem - Parasole i moda","description":"Parasol - ochrona przed s\u0142o\u0144cem i deszczem. Zapoznaj si\u0119 z naszym wpisem odno\u015bnie parasoli ju\u017c teraz!","robots":{"index":"index","follow":"follow","max-snippet":"max-snippet:-1","max-image-preview":"max-image-preview:large","max-video-preview":"max-video-preview:-1"},"canonical":"https:\/\/yoos.pl\/","og_locale":"pl_PL","og_type":"article","og_title":"Parasol - ochrona nie tylko przed deszczem - Parasole i moda","og_description":"Parasol - ochrona przed s\u0142o\u0144cem i deszczem. Zapoznaj si\u0119 z naszym wpisem odno\u015bnie parasoli ju\u017c teraz!","og_url":"https:\/\/yoos.pl\/","og_site_name":"Parasole i moda","article_modified_time":"2021-04-26T11:48:25+00:00","og_image":[{"width":1200,"height":799,"url":"https:\/\/yoos.pl\/wp-content\/uploads\/2021\/04\/Parasol-kobieta.jpg","type":"image\/jpeg"}],"twitter_card":"summary_large_image","twitter_misc":{"Szacowany czas czytania":"4 minuty"},"schema":{"@context":"https:\/\/schema.org","@graph":[{"@type":"WebPage","@id":"https:\/\/yoos.pl\/","url":"https:\/\/yoos.pl\/","name":"Parasol - ochrona nie tylko przed deszczem - Parasole i moda","isPartOf":{"@id":"https:\/\/yoos.pl\/#website"},"primaryImageOfPage":{"@id":"https:\/\/yoos.pl\/#primaryimage"},"image":{"@id":"https:\/\/yoos.pl\/#primaryimage"},"thumbnailUrl":"http:\/\/yoos.pl\/wp-content\/uploads\/2021\/04\/Parasol-kobieta.jpg","datePublished":"2021-04-26T11:48:24+00:00","dateModified":"2021-04-26T11:48:25+00:00","description":"Parasol - ochrona przed s\u0142o\u0144cem i deszczem. Zapoznaj si\u0119 z naszym wpisem odno\u015bnie parasoli ju\u017c teraz!","breadcrumb":{"@id":"https:\/\/yoos.pl\/#breadcrumb"},"inLanguage":"pl-PL","potentialAction":[{"@type":"ReadAction","target":["https:\/\/yoos.pl\/"]}]},{"@type":"ImageObject","inLanguage":"pl-PL","@id":"https:\/\/yoos.pl\/#primaryimage","url":"http:\/\/yoos.pl\/wp-content\/uploads\/2021\/04\/Parasol-kobieta.jpg","contentUrl":"http:\/\/yoos.pl\/wp-content\/uploads\/2021\/04\/Parasol-kobieta.jpg","width":1200,"height":799},{"@type":"BreadcrumbList","@id":"https:\/\/yoos.pl\/#breadcrumb","itemListElement":[{"@type":"ListItem","position":1,"name":"Strona g\u0142\u00f3wna","item":"https:\/\/yoos.pl\/"},{"@type":"ListItem","position":2,"name":"Parasol &#8211; ochrona nie tylko przed deszczem"}]},{"@type":"WebSite","@id":"https:\/\/yoos.pl\/#website","url":"https:\/\/yoos.pl\/","name":"Parasole i moda","description":"","publisher":{"@id":"https:\/\/yoos.pl\/#organization"},"potentialAction":[{"@type":"SearchAction","target":{"@type":"EntryPoint","urlTemplate":"https:\/\/yoos.pl\/?s={search_term_string}"},"query-input":{"@type":"PropertyValueSpecification","valueRequired":true,"valueName":"search_term_string"}}],"inLanguage":"pl-PL"},{"@type":"Organization","@id":"https:\/\/yoos.pl\/#organization","name":"Yoos","url":"https:\/\/yoos.pl\/","logo":{"@type":"ImageObject","inLanguage":"pl-PL","@id":"https:\/\/yoos.pl\/#\/schema\/logo\/image\/","url":"https:\/\/yoos.pl\/wp-content\/uploads\/2021\/04\/Yoos2.png","contentUrl":"https:\/\/yoos.pl\/wp-content\/uploads\/2021\/04\/Yoos2.png","width":810,"height":310,"caption":"Yoos"},"image":{"@id":"https:\/\/yoos.pl\/#\/schema\/logo\/image\/"}}]}},"_links":{"self":[{"href":"http:\/\/yoos.pl\/index.php\/wp-json\/wp\/v2\/pages\/12","targetHints":{"allow":["GET"]}}],"collection":[{"href":"http:\/\/yoos.pl\/index.php\/wp-json\/wp\/v2\/pages"}],"about":[{"href":"http:\/\/yoos.pl\/index.php\/wp-json\/wp\/v2\/types\/page"}],"author":[{"embeddable":true,"href":"http:\/\/yoos.pl\/index.php\/wp-json\/wp\/v2\/users\/1"}],"replies":[{"embeddable":true,"href":"http:\/\/yoos.pl\/index.php\/wp-json\/wp\/v2\/comments?post=12"}],"version-history":[{"count":1,"href":"http:\/\/yoos.pl\/index.php\/wp-json\/wp\/v2\/pages\/12\/revisions"}],"predecessor-version":[{"id":17,"href":"http:\/\/yoos.pl\/index.php\/wp-json\/wp\/v2\/pages\/12\/revisions\/17"}],"wp:featuredmedia":[{"embeddable":true,"href":"http:\/\/yoos.pl\/index.php\/wp-json\/wp\/v2\/media\/15"}],"wp:attachment":[{"href":"http:\/\/yoos.pl\/index.php\/wp-json\/wp\/v2\/media?parent=12"}],"curies":[{"name":"wp","href":"https:\/\/api.w.org\/{rel}","templated":true}]}}