{"id":26,"date":"2021-04-26T13:09:22","date_gmt":"2021-04-26T13:09:22","guid":{"rendered":"http:\/\/yoos.pl\/?page_id=26"},"modified":"2021-04-26T13:09:23","modified_gmt":"2021-04-26T13:09:23","slug":"kardigan-alternatywa-dla-marynarki","status":"publish","type":"page","link":"http:\/\/yoos.pl\/index.php\/kardigan-alternatywa-dla-marynarki\/","title":{"rendered":"Kardigan &#8211; alternatywa dla marynarki"},"content":{"rendered":"\n<p>Kardigan jest nieco inn\u0105 odmian\u0105 swetra, w kt\u00f3rej istotn\u0105 rol\u0119 odgrywa nie tylko splot oraz dese\u0144, ale tak\u017ce spos\u00f3b wyko\u0144czenia produktu. Co wa\u017cne, m\u0119skie kardigany zaczynaj\u0105 by\u0107 coraz bardziej popularne, a co za tym idzie szukamy produkt\u00f3w dobrych jako\u015bciowo oraz oryginalnych w formie.<br>Kardigan to produkt do\u015b\u0107 specyficzny. Dawniej nie by\u0142 symbolem dobrego stylu, jednak od kilku lat zawojowa\u0142 \u015bwiat mody m\u0119skiej. W Polsce zami\u0142owanie do tego rodzaju swetra przyby\u0142a ze Stan\u00f3w Zjednoczonych. <\/p>\n\n\n\n<figure class=\"wp-block-image size-large\"><img loading=\"lazy\" decoding=\"async\" width=\"735\" height=\"900\" src=\"http:\/\/yoos.pl\/wp-content\/uploads\/2021\/04\/Sweter-kardigan-02.jpg\" alt=\"Sweter - kardigan\" class=\"wp-image-27\" srcset=\"http:\/\/yoos.pl\/wp-content\/uploads\/2021\/04\/Sweter-kardigan-02.jpg 735w, http:\/\/yoos.pl\/wp-content\/uploads\/2021\/04\/Sweter-kardigan-02-245x300.jpg 245w\" sizes=\"auto, (max-width: 735px) 100vw, 735px\" \/><figcaption>Sweter &#8211; kardigan<\/figcaption><\/figure>\n\n\n\n<p>Kardigany mog\u0105 pe\u0142ni\u0107 funkcj\u0119 tradycyjnych swetr\u00f3w i chroni\u0107 nas przed zimnem w nieco bardziej sportowym wydaniu, jednak mog\u0105 by\u0107 tak\u017ce w otoczeniu koszuli i dobrze sprawdzi\u0107 si\u0119 podczas \u015bwi\u0105tecznego obiadu.<br>Nasze kardigany zosta\u0142y wykonane z najwy\u017cszej jako\u015bci materia\u0142\u00f3w. Wa\u017cne, by\u015bmy szukali odpowiedniego splotu, gdy\u017c lu\u017any splot nie nada si\u0119 zim\u0105. W\u015br\u00f3d kardigan\u00f3w warto zwr\u00f3ci\u0107 uwag\u0119 na te, kt\u00f3re zako\u0144czone s\u0105 klasycznymi guzikami oraz te, kt\u00f3re maj\u0105 nowoczesne wyko\u0144czenie. Ciekawe s\u0105 tak\u017ce wzory, a wi\u0119c ca\u0142y design kardigan\u00f3w m\u0119skich, kt\u00f3ry podkre\u015bla ca\u0142\u0105 stylizacj\u0119 i pomaga w doborze akcesori\u00f3w.<br>Serdecznie zach\u0119camy do skorzystania z naszej oferty i wyboru najlepszego produktu, kt\u00f3ry spe\u0142ni oczekiwania i nada \u017cyciu pi\u0119kniejszego smaku!<\/p>\n","protected":false},"excerpt":{"rendered":"<p>Kardigan jest nieco inn\u0105 odmian\u0105 swetra, w kt\u00f3rej istotn\u0105 rol\u0119 odgrywa nie tylko splot oraz dese\u0144, ale tak\u017ce spos\u00f3b wyko\u0144czenia produktu. Co wa\u017cne, m\u0119skie kardigany zaczynaj\u0105 by\u0107 coraz bardziej popularne, a co za tym idzie szukamy produkt\u00f3w dobrych jako\u015bciowo oraz oryginalnych w formie.Kardigan to produkt do\u015b\u0107 specyficzny. Dawniej nie by\u0142 symbolem dobrego stylu, jednak od [&hellip;]<\/p>\n","protected":false},"author":1,"featured_media":27,"parent":0,"menu_order":0,"comment_status":"closed","ping_status":"closed","template":"","meta":{"footnotes":""},"class_list":["post-26","page","type-page","status-publish","has-post-thumbnail","hentry"],"yoast_head":"<!-- This site is optimized with the Yoast SEO plugin v24.4 - https:\/\/yoast.com\/wordpress\/plugins\/seo\/ -->\n<title>Kardigan - alternatywa dla marynarki - Parasole i moda<\/title>\n<meta name=\"robots\" content=\"index, follow, max-snippet:-1, max-image-preview:large, max-video-preview:-1\" \/>\n<link rel=\"canonical\" href=\"https:\/\/yoos.pl\/index.php\/kardigan-alternatywa-dla-marynarki\/\" \/>\n<meta property=\"og:locale\" content=\"pl_PL\" \/>\n<meta property=\"og:type\" content=\"article\" \/>\n<meta property=\"og:title\" content=\"Kardigan - alternatywa dla marynarki - Parasole i moda\" \/>\n<meta property=\"og:description\" content=\"Kardigan jest nieco inn\u0105 odmian\u0105 swetra, w kt\u00f3rej istotn\u0105 rol\u0119 odgrywa nie tylko splot oraz dese\u0144, ale tak\u017ce spos\u00f3b wyko\u0144czenia produktu. Co wa\u017cne, m\u0119skie kardigany zaczynaj\u0105 by\u0107 coraz bardziej popularne, a co za tym idzie szukamy produkt\u00f3w dobrych jako\u015bciowo oraz oryginalnych w formie.Kardigan to produkt do\u015b\u0107 specyficzny. Dawniej nie by\u0142 symbolem dobrego stylu, jednak od [&hellip;]\" \/>\n<meta property=\"og:url\" content=\"https:\/\/yoos.pl\/index.php\/kardigan-alternatywa-dla-marynarki\/\" \/>\n<meta property=\"og:site_name\" content=\"Parasole i moda\" \/>\n<meta property=\"article:modified_time\" content=\"2021-04-26T13:09:23+00:00\" \/>\n<meta property=\"og:image\" content=\"https:\/\/yoos.pl\/wp-content\/uploads\/2021\/04\/Sweter-kardigan-02.jpg\" \/>\n\t<meta property=\"og:image:width\" content=\"735\" \/>\n\t<meta property=\"og:image:height\" content=\"900\" \/>\n\t<meta property=\"og:image:type\" content=\"image\/jpeg\" \/>\n<meta name=\"twitter:card\" content=\"summary_large_image\" \/>\n<meta name=\"twitter:label1\" content=\"Szacowany czas czytania\" \/>\n\t<meta name=\"twitter:data1\" content=\"1 minuta\" \/>\n<script type=\"application\/ld+json\" class=\"yoast-schema-graph\">{\"@context\":\"https:\/\/schema.org\",\"@graph\":[{\"@type\":\"WebPage\",\"@id\":\"https:\/\/yoos.pl\/index.php\/kardigan-alternatywa-dla-marynarki\/\",\"url\":\"https:\/\/yoos.pl\/index.php\/kardigan-alternatywa-dla-marynarki\/\",\"name\":\"Kardigan - alternatywa dla marynarki - Parasole i moda\",\"isPartOf\":{\"@id\":\"http:\/\/yoos.pl\/#website\"},\"primaryImageOfPage\":{\"@id\":\"https:\/\/yoos.pl\/index.php\/kardigan-alternatywa-dla-marynarki\/#primaryimage\"},\"image\":{\"@id\":\"https:\/\/yoos.pl\/index.php\/kardigan-alternatywa-dla-marynarki\/#primaryimage\"},\"thumbnailUrl\":\"http:\/\/yoos.pl\/wp-content\/uploads\/2021\/04\/Sweter-kardigan-02.jpg\",\"datePublished\":\"2021-04-26T13:09:22+00:00\",\"dateModified\":\"2021-04-26T13:09:23+00:00\",\"breadcrumb\":{\"@id\":\"https:\/\/yoos.pl\/index.php\/kardigan-alternatywa-dla-marynarki\/#breadcrumb\"},\"inLanguage\":\"pl-PL\",\"potentialAction\":[{\"@type\":\"ReadAction\",\"target\":[\"https:\/\/yoos.pl\/index.php\/kardigan-alternatywa-dla-marynarki\/\"]}]},{\"@type\":\"ImageObject\",\"inLanguage\":\"pl-PL\",\"@id\":\"https:\/\/yoos.pl\/index.php\/kardigan-alternatywa-dla-marynarki\/#primaryimage\",\"url\":\"http:\/\/yoos.pl\/wp-content\/uploads\/2021\/04\/Sweter-kardigan-02.jpg\",\"contentUrl\":\"http:\/\/yoos.pl\/wp-content\/uploads\/2021\/04\/Sweter-kardigan-02.jpg\",\"width\":735,\"height\":900},{\"@type\":\"BreadcrumbList\",\"@id\":\"https:\/\/yoos.pl\/index.php\/kardigan-alternatywa-dla-marynarki\/#breadcrumb\",\"itemListElement\":[{\"@type\":\"ListItem\",\"position\":1,\"name\":\"Strona g\u0142\u00f3wna\",\"item\":\"http:\/\/yoos.pl\/\"},{\"@type\":\"ListItem\",\"position\":2,\"name\":\"Kardigan &#8211; alternatywa dla marynarki\"}]},{\"@type\":\"WebSite\",\"@id\":\"http:\/\/yoos.pl\/#website\",\"url\":\"http:\/\/yoos.pl\/\",\"name\":\"Parasole i moda\",\"description\":\"\",\"publisher\":{\"@id\":\"http:\/\/yoos.pl\/#organization\"},\"potentialAction\":[{\"@type\":\"SearchAction\",\"target\":{\"@type\":\"EntryPoint\",\"urlTemplate\":\"http:\/\/yoos.pl\/?s={search_term_string}\"},\"query-input\":{\"@type\":\"PropertyValueSpecification\",\"valueRequired\":true,\"valueName\":\"search_term_string\"}}],\"inLanguage\":\"pl-PL\"},{\"@type\":\"Organization\",\"@id\":\"http:\/\/yoos.pl\/#organization\",\"name\":\"Yoos\",\"url\":\"http:\/\/yoos.pl\/\",\"logo\":{\"@type\":\"ImageObject\",\"inLanguage\":\"pl-PL\",\"@id\":\"http:\/\/yoos.pl\/#\/schema\/logo\/image\/\",\"url\":\"https:\/\/yoos.pl\/wp-content\/uploads\/2021\/04\/Yoos2.png\",\"contentUrl\":\"https:\/\/yoos.pl\/wp-content\/uploads\/2021\/04\/Yoos2.png\",\"width\":810,\"height\":310,\"caption\":\"Yoos\"},\"image\":{\"@id\":\"http:\/\/yoos.pl\/#\/schema\/logo\/image\/\"}}]}<\/script>\n<!-- \/ Yoast SEO plugin. -->","yoast_head_json":{"title":"Kardigan - alternatywa dla marynarki - Parasole i moda","robots":{"index":"index","follow":"follow","max-snippet":"max-snippet:-1","max-image-preview":"max-image-preview:large","max-video-preview":"max-video-preview:-1"},"canonical":"https:\/\/yoos.pl\/index.php\/kardigan-alternatywa-dla-marynarki\/","og_locale":"pl_PL","og_type":"article","og_title":"Kardigan - alternatywa dla marynarki - Parasole i moda","og_description":"Kardigan jest nieco inn\u0105 odmian\u0105 swetra, w kt\u00f3rej istotn\u0105 rol\u0119 odgrywa nie tylko splot oraz dese\u0144, ale tak\u017ce spos\u00f3b wyko\u0144czenia produktu. Co wa\u017cne, m\u0119skie kardigany zaczynaj\u0105 by\u0107 coraz bardziej popularne, a co za tym idzie szukamy produkt\u00f3w dobrych jako\u015bciowo oraz oryginalnych w formie.Kardigan to produkt do\u015b\u0107 specyficzny. Dawniej nie by\u0142 symbolem dobrego stylu, jednak od [&hellip;]","og_url":"https:\/\/yoos.pl\/index.php\/kardigan-alternatywa-dla-marynarki\/","og_site_name":"Parasole i moda","article_modified_time":"2021-04-26T13:09:23+00:00","og_image":[{"width":735,"height":900,"url":"https:\/\/yoos.pl\/wp-content\/uploads\/2021\/04\/Sweter-kardigan-02.jpg","type":"image\/jpeg"}],"twitter_card":"summary_large_image","twitter_misc":{"Szacowany czas czytania":"1 minuta"},"schema":{"@context":"https:\/\/schema.org","@graph":[{"@type":"WebPage","@id":"https:\/\/yoos.pl\/index.php\/kardigan-alternatywa-dla-marynarki\/","url":"https:\/\/yoos.pl\/index.php\/kardigan-alternatywa-dla-marynarki\/","name":"Kardigan - alternatywa dla marynarki - Parasole i moda","isPartOf":{"@id":"http:\/\/yoos.pl\/#website"},"primaryImageOfPage":{"@id":"https:\/\/yoos.pl\/index.php\/kardigan-alternatywa-dla-marynarki\/#primaryimage"},"image":{"@id":"https:\/\/yoos.pl\/index.php\/kardigan-alternatywa-dla-marynarki\/#primaryimage"},"thumbnailUrl":"http:\/\/yoos.pl\/wp-content\/uploads\/2021\/04\/Sweter-kardigan-02.jpg","datePublished":"2021-04-26T13:09:22+00:00","dateModified":"2021-04-26T13:09:23+00:00","breadcrumb":{"@id":"https:\/\/yoos.pl\/index.php\/kardigan-alternatywa-dla-marynarki\/#breadcrumb"},"inLanguage":"pl-PL","potentialAction":[{"@type":"ReadAction","target":["https:\/\/yoos.pl\/index.php\/kardigan-alternatywa-dla-marynarki\/"]}]},{"@type":"ImageObject","inLanguage":"pl-PL","@id":"https:\/\/yoos.pl\/index.php\/kardigan-alternatywa-dla-marynarki\/#primaryimage","url":"http:\/\/yoos.pl\/wp-content\/uploads\/2021\/04\/Sweter-kardigan-02.jpg","contentUrl":"http:\/\/yoos.pl\/wp-content\/uploads\/2021\/04\/Sweter-kardigan-02.jpg","width":735,"height":900},{"@type":"BreadcrumbList","@id":"https:\/\/yoos.pl\/index.php\/kardigan-alternatywa-dla-marynarki\/#breadcrumb","itemListElement":[{"@type":"ListItem","position":1,"name":"Strona g\u0142\u00f3wna","item":"http:\/\/yoos.pl\/"},{"@type":"ListItem","position":2,"name":"Kardigan &#8211; alternatywa dla marynarki"}]},{"@type":"WebSite","@id":"http:\/\/yoos.pl\/#website","url":"http:\/\/yoos.pl\/","name":"Parasole i moda","description":"","publisher":{"@id":"http:\/\/yoos.pl\/#organization"},"potentialAction":[{"@type":"SearchAction","target":{"@type":"EntryPoint","urlTemplate":"http:\/\/yoos.pl\/?s={search_term_string}"},"query-input":{"@type":"PropertyValueSpecification","valueRequired":true,"valueName":"search_term_string"}}],"inLanguage":"pl-PL"},{"@type":"Organization","@id":"http:\/\/yoos.pl\/#organization","name":"Yoos","url":"http:\/\/yoos.pl\/","logo":{"@type":"ImageObject","inLanguage":"pl-PL","@id":"http:\/\/yoos.pl\/#\/schema\/logo\/image\/","url":"https:\/\/yoos.pl\/wp-content\/uploads\/2021\/04\/Yoos2.png","contentUrl":"https:\/\/yoos.pl\/wp-content\/uploads\/2021\/04\/Yoos2.png","width":810,"height":310,"caption":"Yoos"},"image":{"@id":"http:\/\/yoos.pl\/#\/schema\/logo\/image\/"}}]}},"_links":{"self":[{"href":"http:\/\/yoos.pl\/index.php\/wp-json\/wp\/v2\/pages\/26","targetHints":{"allow":["GET"]}}],"collection":[{"href":"http:\/\/yoos.pl\/index.php\/wp-json\/wp\/v2\/pages"}],"about":[{"href":"http:\/\/yoos.pl\/index.php\/wp-json\/wp\/v2\/types\/page"}],"author":[{"embeddable":true,"href":"http:\/\/yoos.pl\/index.php\/wp-json\/wp\/v2\/users\/1"}],"replies":[{"embeddable":true,"href":"http:\/\/yoos.pl\/index.php\/wp-json\/wp\/v2\/comments?post=26"}],"version-history":[{"count":1,"href":"http:\/\/yoos.pl\/index.php\/wp-json\/wp\/v2\/pages\/26\/revisions"}],"predecessor-version":[{"id":29,"href":"http:\/\/yoos.pl\/index.php\/wp-json\/wp\/v2\/pages\/26\/revisions\/29"}],"wp:featuredmedia":[{"embeddable":true,"href":"http:\/\/yoos.pl\/index.php\/wp-json\/wp\/v2\/media\/27"}],"wp:attachment":[{"href":"http:\/\/yoos.pl\/index.php\/wp-json\/wp\/v2\/media?parent=26"}],"curies":[{"name":"wp","href":"https:\/\/api.w.org\/{rel}","templated":true}]}}