{"id":5,"date":"2021-04-26T10:20:32","date_gmt":"2021-04-26T10:20:32","guid":{"rendered":"http:\/\/yoos.pl\/?page_id=5"},"modified":"2021-04-26T10:20:32","modified_gmt":"2021-04-26T10:20:32","slug":"krotka-historia-parasola","status":"publish","type":"page","link":"http:\/\/yoos.pl\/index.php\/krotka-historia-parasola\/","title":{"rendered":"Kr\u00f3tka historia parasola"},"content":{"rendered":"\n<p>Parasol kojarzy nam si\u0119 z ochron\u0105 przed deszczem, jednak jego pierwotne zastosowanie by\u0142o zgo\u0142a nieco inne.<\/p>\n\n\n\n<p>Parasol powsta\u0142 w staro\u017cytnym Egipcie, gdzie u\u017cywano go do ochrony przed mocno przypiekaj\u0105cym s\u0142o\u0144cem. W\u00f3wczas wykonywano je z nat\u0142uszczonego papieru.<\/p>\n\n\n\n<p>Co ciekawe nie by\u0142 on \u2013 tak jak w dzisiejszych czasach powszechnie dost\u0119pny.<\/p>\n\n\n\n<p>Powszechny dzi\u015b przedmiot w przesz\u0142o\u015bci by\u0142 atrybutem wy\u0142\u0105cznie elit i os\u00f3b dobrze urodzonych.<\/p>\n\n\n\n<figure class=\"wp-block-image size-large\"><img loading=\"lazy\" decoding=\"async\" width=\"1024\" height=\"652\" src=\"http:\/\/yoos.pl\/wp-content\/uploads\/2021\/04\/Parasole-1-1024x652.jpg\" alt=\"\" class=\"wp-image-7\" srcset=\"http:\/\/yoos.pl\/wp-content\/uploads\/2021\/04\/Parasole-1-1024x652.jpg 1024w, http:\/\/yoos.pl\/wp-content\/uploads\/2021\/04\/Parasole-1-300x191.jpg 300w, http:\/\/yoos.pl\/wp-content\/uploads\/2021\/04\/Parasole-1-768x489.jpg 768w, http:\/\/yoos.pl\/wp-content\/uploads\/2021\/04\/Parasole-1.jpg 1280w\" sizes=\"auto, (max-width: 1024px) 100vw, 1024px\" \/><figcaption>Historia Parasola<\/figcaption><\/figure>\n\n\n\n<p>W Rzymie r\u00f3wnie\u017c uwa\u017cany za symbol luksusu. Podczas odbywaj\u0105cego si\u0119 co roku festiwalu sztuki Panathenea w Atenach m\u0142ode dziewcz\u0119ta nosi\u0142y go nad g\u0142ow\u0105 kuk\u0142y boga wina i zabaw \u2013 Bachusa. Robiono je ze sk\u00f3ry i charakteryzowa\u0142y si\u0119 pierwszymi na \u015bwiecie w\u0142a\u015bciwo\u015bciami wodoodpornymi (chi\u0144skie parasole, cho\u0107 przepi\u0119kne wodoodporne niestety nie by\u0142y).<\/p>\n\n\n\n<p>Atrybutem bogaczy parasol przesta\u0142 by\u0107 w XVIII wieku. R\u00f3wnie\u017c wtedy parasol zmieni\u0142 swoje g\u0142\u00f3wne zastosowanie. Prostym ludziom s\u0142o\u0144ce nie przeszkadza\u0142o \u2013 w przeciwie\u0144stwie do deszczu. Postanowili oni zatem, \u017ce przedmiot ten idealnie nada si\u0119 jako skuteczna ochrona przed nim.<\/p>\n\n\n\n<p>Jak zatem widzimy- warto doceni\u0107 przedmiot, kt\u00f3rego czasem znaczenia i historii nawet nie dostrzegamy.<\/p>\n","protected":false},"excerpt":{"rendered":"<p>Parasol kojarzy nam si\u0119 z ochron\u0105 przed deszczem, jednak jego pierwotne zastosowanie by\u0142o zgo\u0142a nieco inne. Parasol powsta\u0142 w staro\u017cytnym Egipcie, gdzie u\u017cywano go do ochrony przed mocno przypiekaj\u0105cym s\u0142o\u0144cem. W\u00f3wczas wykonywano je z nat\u0142uszczonego papieru. Co ciekawe nie by\u0142 on \u2013 tak jak w dzisiejszych czasach powszechnie dost\u0119pny. Powszechny dzi\u015b przedmiot w przesz\u0142o\u015bci by\u0142 [&hellip;]<\/p>\n","protected":false},"author":1,"featured_media":0,"parent":0,"menu_order":0,"comment_status":"closed","ping_status":"closed","template":"","meta":{"footnotes":""},"class_list":["post-5","page","type-page","status-publish","hentry"],"yoast_head":"<!-- This site is optimized with the Yoast SEO plugin v24.4 - https:\/\/yoast.com\/wordpress\/plugins\/seo\/ -->\n<title>Kr\u00f3tka historia parasola - Parasole i moda<\/title>\n<meta name=\"robots\" content=\"index, follow, max-snippet:-1, max-image-preview:large, max-video-preview:-1\" \/>\n<link rel=\"canonical\" href=\"http:\/\/yoos.pl\/index.php\/krotka-historia-parasola\/\" \/>\n<meta property=\"og:locale\" content=\"pl_PL\" \/>\n<meta property=\"og:type\" content=\"article\" \/>\n<meta property=\"og:title\" content=\"Kr\u00f3tka historia parasola - Parasole i moda\" \/>\n<meta property=\"og:description\" content=\"Parasol kojarzy nam si\u0119 z ochron\u0105 przed deszczem, jednak jego pierwotne zastosowanie by\u0142o zgo\u0142a nieco inne. Parasol powsta\u0142 w staro\u017cytnym Egipcie, gdzie u\u017cywano go do ochrony przed mocno przypiekaj\u0105cym s\u0142o\u0144cem. W\u00f3wczas wykonywano je z nat\u0142uszczonego papieru. Co ciekawe nie by\u0142 on \u2013 tak jak w dzisiejszych czasach powszechnie dost\u0119pny. Powszechny dzi\u015b przedmiot w przesz\u0142o\u015bci by\u0142 [&hellip;]\" \/>\n<meta property=\"og:url\" content=\"http:\/\/yoos.pl\/index.php\/krotka-historia-parasola\/\" \/>\n<meta property=\"og:site_name\" content=\"Parasole i moda\" \/>\n<meta property=\"og:image\" content=\"http:\/\/yoos.pl\/wp-content\/uploads\/2021\/04\/Parasole-1-1024x652.jpg\" \/>\n<meta name=\"twitter:card\" content=\"summary_large_image\" \/>\n<meta name=\"twitter:label1\" content=\"Szacowany czas czytania\" \/>\n\t<meta name=\"twitter:data1\" content=\"1 minuta\" \/>\n<script type=\"application\/ld+json\" class=\"yoast-schema-graph\">{\"@context\":\"https:\/\/schema.org\",\"@graph\":[{\"@type\":\"WebPage\",\"@id\":\"http:\/\/yoos.pl\/index.php\/krotka-historia-parasola\/\",\"url\":\"http:\/\/yoos.pl\/index.php\/krotka-historia-parasola\/\",\"name\":\"Kr\u00f3tka historia parasola - Parasole i moda\",\"isPartOf\":{\"@id\":\"http:\/\/yoos.pl\/#website\"},\"primaryImageOfPage\":{\"@id\":\"http:\/\/yoos.pl\/index.php\/krotka-historia-parasola\/#primaryimage\"},\"image\":{\"@id\":\"http:\/\/yoos.pl\/index.php\/krotka-historia-parasola\/#primaryimage\"},\"thumbnailUrl\":\"http:\/\/yoos.pl\/wp-content\/uploads\/2021\/04\/Parasole-1-1024x652.jpg\",\"datePublished\":\"2021-04-26T10:20:32+00:00\",\"breadcrumb\":{\"@id\":\"http:\/\/yoos.pl\/index.php\/krotka-historia-parasola\/#breadcrumb\"},\"inLanguage\":\"pl-PL\",\"potentialAction\":[{\"@type\":\"ReadAction\",\"target\":[\"http:\/\/yoos.pl\/index.php\/krotka-historia-parasola\/\"]}]},{\"@type\":\"ImageObject\",\"inLanguage\":\"pl-PL\",\"@id\":\"http:\/\/yoos.pl\/index.php\/krotka-historia-parasola\/#primaryimage\",\"url\":\"http:\/\/yoos.pl\/wp-content\/uploads\/2021\/04\/Parasole-1.jpg\",\"contentUrl\":\"http:\/\/yoos.pl\/wp-content\/uploads\/2021\/04\/Parasole-1.jpg\",\"width\":1280,\"height\":815},{\"@type\":\"BreadcrumbList\",\"@id\":\"http:\/\/yoos.pl\/index.php\/krotka-historia-parasola\/#breadcrumb\",\"itemListElement\":[{\"@type\":\"ListItem\",\"position\":1,\"name\":\"Strona g\u0142\u00f3wna\",\"item\":\"http:\/\/yoos.pl\/\"},{\"@type\":\"ListItem\",\"position\":2,\"name\":\"Kr\u00f3tka historia parasola\"}]},{\"@type\":\"WebSite\",\"@id\":\"http:\/\/yoos.pl\/#website\",\"url\":\"http:\/\/yoos.pl\/\",\"name\":\"Parasole i moda\",\"description\":\"\",\"publisher\":{\"@id\":\"http:\/\/yoos.pl\/#organization\"},\"potentialAction\":[{\"@type\":\"SearchAction\",\"target\":{\"@type\":\"EntryPoint\",\"urlTemplate\":\"http:\/\/yoos.pl\/?s={search_term_string}\"},\"query-input\":{\"@type\":\"PropertyValueSpecification\",\"valueRequired\":true,\"valueName\":\"search_term_string\"}}],\"inLanguage\":\"pl-PL\"},{\"@type\":\"Organization\",\"@id\":\"http:\/\/yoos.pl\/#organization\",\"name\":\"Yoos\",\"url\":\"http:\/\/yoos.pl\/\",\"logo\":{\"@type\":\"ImageObject\",\"inLanguage\":\"pl-PL\",\"@id\":\"http:\/\/yoos.pl\/#\/schema\/logo\/image\/\",\"url\":\"https:\/\/yoos.pl\/wp-content\/uploads\/2021\/04\/Yoos2.png\",\"contentUrl\":\"https:\/\/yoos.pl\/wp-content\/uploads\/2021\/04\/Yoos2.png\",\"width\":810,\"height\":310,\"caption\":\"Yoos\"},\"image\":{\"@id\":\"http:\/\/yoos.pl\/#\/schema\/logo\/image\/\"}}]}<\/script>\n<!-- \/ Yoast SEO plugin. -->","yoast_head_json":{"title":"Kr\u00f3tka historia parasola - Parasole i moda","robots":{"index":"index","follow":"follow","max-snippet":"max-snippet:-1","max-image-preview":"max-image-preview:large","max-video-preview":"max-video-preview:-1"},"canonical":"http:\/\/yoos.pl\/index.php\/krotka-historia-parasola\/","og_locale":"pl_PL","og_type":"article","og_title":"Kr\u00f3tka historia parasola - Parasole i moda","og_description":"Parasol kojarzy nam si\u0119 z ochron\u0105 przed deszczem, jednak jego pierwotne zastosowanie by\u0142o zgo\u0142a nieco inne. Parasol powsta\u0142 w staro\u017cytnym Egipcie, gdzie u\u017cywano go do ochrony przed mocno przypiekaj\u0105cym s\u0142o\u0144cem. W\u00f3wczas wykonywano je z nat\u0142uszczonego papieru. Co ciekawe nie by\u0142 on \u2013 tak jak w dzisiejszych czasach powszechnie dost\u0119pny. Powszechny dzi\u015b przedmiot w przesz\u0142o\u015bci by\u0142 [&hellip;]","og_url":"http:\/\/yoos.pl\/index.php\/krotka-historia-parasola\/","og_site_name":"Parasole i moda","og_image":[{"url":"http:\/\/yoos.pl\/wp-content\/uploads\/2021\/04\/Parasole-1-1024x652.jpg","type":"","width":"","height":""}],"twitter_card":"summary_large_image","twitter_misc":{"Szacowany czas czytania":"1 minuta"},"schema":{"@context":"https:\/\/schema.org","@graph":[{"@type":"WebPage","@id":"http:\/\/yoos.pl\/index.php\/krotka-historia-parasola\/","url":"http:\/\/yoos.pl\/index.php\/krotka-historia-parasola\/","name":"Kr\u00f3tka historia parasola - Parasole i moda","isPartOf":{"@id":"http:\/\/yoos.pl\/#website"},"primaryImageOfPage":{"@id":"http:\/\/yoos.pl\/index.php\/krotka-historia-parasola\/#primaryimage"},"image":{"@id":"http:\/\/yoos.pl\/index.php\/krotka-historia-parasola\/#primaryimage"},"thumbnailUrl":"http:\/\/yoos.pl\/wp-content\/uploads\/2021\/04\/Parasole-1-1024x652.jpg","datePublished":"2021-04-26T10:20:32+00:00","breadcrumb":{"@id":"http:\/\/yoos.pl\/index.php\/krotka-historia-parasola\/#breadcrumb"},"inLanguage":"pl-PL","potentialAction":[{"@type":"ReadAction","target":["http:\/\/yoos.pl\/index.php\/krotka-historia-parasola\/"]}]},{"@type":"ImageObject","inLanguage":"pl-PL","@id":"http:\/\/yoos.pl\/index.php\/krotka-historia-parasola\/#primaryimage","url":"http:\/\/yoos.pl\/wp-content\/uploads\/2021\/04\/Parasole-1.jpg","contentUrl":"http:\/\/yoos.pl\/wp-content\/uploads\/2021\/04\/Parasole-1.jpg","width":1280,"height":815},{"@type":"BreadcrumbList","@id":"http:\/\/yoos.pl\/index.php\/krotka-historia-parasola\/#breadcrumb","itemListElement":[{"@type":"ListItem","position":1,"name":"Strona g\u0142\u00f3wna","item":"http:\/\/yoos.pl\/"},{"@type":"ListItem","position":2,"name":"Kr\u00f3tka historia parasola"}]},{"@type":"WebSite","@id":"http:\/\/yoos.pl\/#website","url":"http:\/\/yoos.pl\/","name":"Parasole i moda","description":"","publisher":{"@id":"http:\/\/yoos.pl\/#organization"},"potentialAction":[{"@type":"SearchAction","target":{"@type":"EntryPoint","urlTemplate":"http:\/\/yoos.pl\/?s={search_term_string}"},"query-input":{"@type":"PropertyValueSpecification","valueRequired":true,"valueName":"search_term_string"}}],"inLanguage":"pl-PL"},{"@type":"Organization","@id":"http:\/\/yoos.pl\/#organization","name":"Yoos","url":"http:\/\/yoos.pl\/","logo":{"@type":"ImageObject","inLanguage":"pl-PL","@id":"http:\/\/yoos.pl\/#\/schema\/logo\/image\/","url":"https:\/\/yoos.pl\/wp-content\/uploads\/2021\/04\/Yoos2.png","contentUrl":"https:\/\/yoos.pl\/wp-content\/uploads\/2021\/04\/Yoos2.png","width":810,"height":310,"caption":"Yoos"},"image":{"@id":"http:\/\/yoos.pl\/#\/schema\/logo\/image\/"}}]}},"_links":{"self":[{"href":"http:\/\/yoos.pl\/index.php\/wp-json\/wp\/v2\/pages\/5","targetHints":{"allow":["GET"]}}],"collection":[{"href":"http:\/\/yoos.pl\/index.php\/wp-json\/wp\/v2\/pages"}],"about":[{"href":"http:\/\/yoos.pl\/index.php\/wp-json\/wp\/v2\/types\/page"}],"author":[{"embeddable":true,"href":"http:\/\/yoos.pl\/index.php\/wp-json\/wp\/v2\/users\/1"}],"replies":[{"embeddable":true,"href":"http:\/\/yoos.pl\/index.php\/wp-json\/wp\/v2\/comments?post=5"}],"version-history":[{"count":1,"href":"http:\/\/yoos.pl\/index.php\/wp-json\/wp\/v2\/pages\/5\/revisions"}],"predecessor-version":[{"id":8,"href":"http:\/\/yoos.pl\/index.php\/wp-json\/wp\/v2\/pages\/5\/revisions\/8"}],"wp:attachment":[{"href":"http:\/\/yoos.pl\/index.php\/wp-json\/wp\/v2\/media?parent=5"}],"curies":[{"name":"wp","href":"https:\/\/api.w.org\/{rel}","templated":true}]}}